{"id":1603,"date":"2018-09-13T15:57:43","date_gmt":"2018-09-13T15:57:43","guid":{"rendered":"https:\/\/mariolanaro.it\/stampa-video\/"},"modified":"2019-03-01T11:10:29","modified_gmt":"2019-03-01T11:10:29","slug":"video-press","status":"publish","type":"page","link":"https:\/\/mariolanaro.it\/en\/video-press\/","title":{"rendered":"Video\/Press"},"content":{"rendered":"\r\n<h2 style=\"text-align:left\" class=\"titolo-pagina wp-block-heading\">Video<\/h2>\r\n\r\n\r\n\r\n<div style=\"height:30px\" aria-hidden=\"true\" class=\"wp-block-spacer\"><\/div>\r\n\r\n\r\n\r\n<section class=\"video clearfix\">\r\n\t<div class=\"video__colsx\">\r\n\t\t<iframe loading=\"lazy\" width=\"560\" height=\"315\" src=\"https:\/\/www.youtube-nocookie.com\/embed\/k5GmUe_4yBc?rel=0&amp;controls=0&amp;showinfo=0\" frameborder=\"0\" allow=\"autoplay; encrypted-media\" allowfullscreen=\"\"><\/iframe>\r\n\t<\/div>\r\n\t<div class=\"video__coldx\">\r\n\t\t<p class=\"video--testo justify\">\r\n\t\t\t<b>Chichester Psalms, I mov. <\/b>\r\n\t\t<\/p>\r\n\t\t<p class=\"video--testo justify\">\r\n\t\t\tLeonard Bernstein<br\/>\r\n\t\t\tCantoria  Sine Nomine e Insieme Vocale &#8220;Umberto Zeni&#8221;<br\/>\r\n\t\t\tOrganista: Stefano Rattini &#8211; Direttore: Mario Lanaro (live 2003)\r\n\t\t<\/p>\r\n\t<\/div>\r\n<\/section>\r\n\r\n\r\n\r\n<hr class=\"wp-block-separator interviste--separatore\"\/>\r\n\r\n\r\n\r\n<section class=\"video clearfix\">\r\n\t<div class=\"video__colsx\">\r\n\t\t<iframe loading=\"lazy\" width=\"560\" height=\"315\" src=\"https:\/\/www.youtube.com\/embed\/LK29OcbQetI?rel=0&amp;controls=0&amp;showinfo=0\" frameborder=\"0\" allow=\"autoplay; encrypted-media\" allowfullscreen=\"\"><\/iframe>\r\n\t<\/div>\r\n\t<div class=\"video__coldx\">\r\n\t\t<p class=\"video--testo justify\">\r\n\t\t\t<b>L\u2019Annunciazione<\/b>\r\n\t\t<\/p>\r\n\t\t<p class=\"video--testo justify\">\r\n\t\t\tCantata su poesia di Pier Paolo Pasolini<br \/>\r\n\t\t\tSolo del flauto: Fabio Pupillo &#8211; I Polifonici Vicentini ed Ensemble Musagete <br \/>\r\n\t\t\tDirettore: Pierluigi Comparin &#8211; Fasi di registrazione (2017)<br \/>\r\n\t\t<\/p>\r\n\t<\/div>\r\n<\/section>\r\n\r\n\r\n\r\n<hr class=\"wp-block-separator interviste--separatore\"\/>\r\n\r\n\r\n\r\n<section class=\"video clearfix\">\r\n\t<div class=\"video__colsx\">\r\n\t\t<iframe loading=\"lazy\" width=\"560\" height=\"315\" src=\"https:\/\/www.youtube.com\/embed\/ADDBKSz742s?rel=0&amp;controls=0&amp;showinfo=0\" frameborder=\"0\" allow=\"autoplay; encrypted-media\" allowfullscreen=\"\"><\/iframe>\r\n\t<\/div>\r\n\t<div class=\"video__coldx\">\r\n\t\t<p class=\"video--testo justify\">\r\n\t\t\t<b>Invento e canto<\/b>\r\n\t\t<\/p>\r\n\t\t<p class=\"video--testo justify\">\r\n\t\t\ta teatro la musica diventa gioco <br \/>\r\n\t\t\tspettacolo (testi e musiche di Mario Lanaro)<br \/>\r\n\t\t\tOrchestra Santa Libera, Quartetto Quartini (2013)<br \/>\r\n\t\t<\/p>\r\n\t<\/div>\r\n<\/section>\r\n\r\n\r\n\r\n<hr class=\"wp-block-separator interviste--separatore\"\/>\r\n\r\n\r\n\r\n<section class=\"video clearfix\">\r\n\t<div class=\"video__colsx\">\r\n\t\t<iframe loading=\"lazy\" width=\"560\" height=\"315\" src=\"https:\/\/www.youtube.com\/embed\/ZwRXmNdNreY?rel=0&amp;controls=0&amp;showinfo=0\" frameborder=\"0\" allow=\"autoplay; encrypted-media\" allowfullscreen=\"\"><\/iframe>\r\n\t<\/div>\r\n\t<div class=\"video__coldx\">\r\n\t\t<p class=\"video--testo justify\">\r\n\t\t\t<b>Finch\u00e9 la notte<\/b>\r\n\t\t<\/p>\r\n\t\t<p class=\"video--testo justify\">\r\n\t\t\tlirica per voce e pianoforte<br \/>\r\n\t\t\tPoesia di Italo Stagno<br \/>\r\n\t\t\tMonica Bassi voce solista, Massimo Zulpo pianoforte (2016)<br \/>\r\n\t\t<\/p>\r\n\t<\/div>\r\n<\/section>\r\n\r\n\r\n\r\n<hr class=\"wp-block-separator interviste--separatore\"\/>\r\n\r\n\r\n\r\n<section class=\"video clearfix\">\r\n\t<div class=\"video__colsx\">\r\n\t\t<iframe loading=\"lazy\" width=\"560\" height=\"315\" src=\"https:\/\/www.youtube.com\/embed\/HpduX3jJ7kU?rel=0&amp;controls=0&amp;showinfo=0\" frameborder=\"0\" allow=\"autoplay; encrypted-media\" allowfullscreen=\"\"><\/iframe>\r\n\t<\/div>\r\n\t<div class=\"video__coldx\">\r\n\t\t<p class=\"video--testo justify\">\r\n\t\t\t<b>Blu<\/b>\r\n\t\t<\/p>\r\n\t\t<p class=\"video--testo justify\">\r\n\t\t\tcantata e segnata in Lis<br \/>\r\n\t\t\tCoro Voces Angelorum <br \/>\r\n\t\t\tDirettore: Camilla Di Lorenzo (2016)<br \/>\r\n\t\t<\/p>\r\n\t<\/div>\r\n<\/section>\r\n\r\n\r\n\r\n<hr class=\"wp-block-separator interviste--separatore\"\/>\r\n\r\n\r\n\r\n<section class=\"video clearfix\">\r\n\t<div class=\"video__colsx\">\r\n\t\t<iframe loading=\"lazy\" width=\"560\" height=\"315\" src=\"https:\/\/www.youtube.com\/embed\/jmjBMHsB2d0?rel=0&amp;controls=0&amp;showinfo=0\" frameborder=\"0\" allow=\"autoplay; encrypted-media\" allowfullscreen=\"\"><\/iframe>\r\n\t<\/div>\r\n\t<div class=\"video__coldx\">\r\n\t\t<p class=\"video--testo justify\">\r\n\t\t\t<b>Rapsodia popolare<\/b>\r\n\t\t<\/p>\r\n\t\t<p class=\"video--testo justify\">\r\n\t\t\tmelodie popolari arrangiate da Mario Lanaro<br \/>\r\n\t\t\tEnsemble Vocale Lux Harmonica<br \/>\r\n\t\t\tDirettore: Benedetta Nofri (2015)<br \/>\r\n\t\t<\/p>\r\n\t<\/div>\r\n<\/section>\r\n\r\n\r\n\r\n<hr class=\"wp-block-separator interviste--separatore\"\/>\r\n\r\n\r\n\r\n<section class=\"video clearfix\">\r\n\t<div class=\"video__colsx\">\r\n\t\t<iframe loading=\"lazy\" width=\"560\" height=\"315\" src=\"https:\/\/www.youtube.com\/embed\/8u47p9oswOg?rel=0&amp;controls=0&amp;showinfo=0\" frameborder=\"0\" allow=\"autoplay; encrypted-media\" allowfullscreen=\"\"><\/iframe>\r\n\t<\/div>\r\n\t<div class=\"video__coldx\">\r\n\t\t<p class=\"video--testo justify\">\r\n\t\t\t<b>Fluffyaudio Dominus Choir &#8211; Overview<\/b>\r\n\t\t<\/p>\r\n\t\t<p class=\"video--testo justify\">\r\n\t\t\tnuova libreria &#8211; campionamento suono corale<br \/>\r\n\t\t\tEnsemble La Rose &#8211; Gruppo Vocale Novecento<br \/>\r\n\t\t\tSupervisione: Mario Lanaro (2017)<br \/>\r\n\t\t<\/p>\r\n\t<\/div>\r\n<\/section>\r\n\r\n\r\n\r\n<h2 style=\"text-align:left\" class=\"titolo-pagina wp-block-heading\">Articoli<\/h2>\r\n\r\n\r\n\r\n<div style=\"height:30px\" aria-hidden=\"true\" class=\"wp-block-spacer\"><\/div>\r\n\r\n\r\n\r\n<section class=\"interviste clearfix\">\r\n\t<div class=\"interviste__colsx\">\r\n\t\t<a href=\"\/wp-content\/uploads\/2018\/09\/01-intervista-pagina-1.jpg\" data-rel=\"lightbox-image-0\" data-rl_title=\"\" data-rl_caption=\"\" title=\"\"><img decoding=\"async\" src=\"\/wp-content\/uploads\/2018\/09\/01-intervista-pagina-1.jpg\" alt=\"\"><\/a>\r\n\t<\/div>\r\n\t<div class=\"interviste__coldx\">\r\n\t\t<p class=\"interviste--testo justify\">\r\n\t\t\t<b>Ritratto di un divulgatore<\/b>\r\n\t\t<\/p>\r\n\t\t<p class=\"interviste--testo justify\">\r\n\t\t\tUn&#8217;intervista di Matteo Valbusa per la rivista Choraliter; domande precise per raccontare la vivace attivit\u00e0 di Mario Lanaro.\r\n\t\t<\/p>\r\n\t\t<p class=\"interviste--testo justify\">\r\n\t\t\t<a href=\"\/wp-content\/uploads\/2018\/09\/01-intervista.pdf\" target=\"_blank\">Download<\/a>\r\n\t\t<\/p>\r\n\t<\/div>\r\n<\/section>\r\n\r\n\r\n\r\n<hr class=\"wp-block-separator interviste--separatore\"\/>\r\n\r\n\r\n\r\n<section class=\"interviste clearfix\">\r\n\t<div class=\"interviste__colsx\">\r\n\t\t<a href=\"\/wp-content\/uploads\/2018\/09\/02-Feniarco_Pagina_1.jpg\" data-rel=\"lightbox-image-1\" data-rl_title=\"\" data-rl_caption=\"\" title=\"\"><img decoding=\"async\" src=\"\/wp-content\/uploads\/2018\/09\/02-Feniarco_Pagina_1.jpg\" alt=\"\"><\/a>\r\n\t<\/div>\r\n\t<div class=\"interviste__coldx\">\r\n\t\t<p class=\"interviste--testo justify\">\r\n\t\t\t<b>Un\u2019occasione speciale<\/b>\r\n\t\t<\/p>\r\n\t\t<p class=\"interviste--testo justify\">\r\n\t\t\tIl Festival di Primavera organizzato dalla Feniarco a Montecatini Terme: bellissima occasione di incontro per scolari e docenti.\r\n\t\t<\/p>\r\n\t\t<p class=\"interviste--testo justify\">\r\n\t\t\t<a href=\"\/wp-content\/uploads\/2018\/09\/02-Feniarco.pdf\" target=\"_blank\">Download<\/a>\r\n\t\t<\/p>\r\n\t<\/div>\r\n<\/section>\r\n\r\n\r\n\r\n<hr class=\"wp-block-separator interviste--separatore\"\/>\r\n\r\n\r\n\r\n<section class=\"interviste clearfix\">\r\n\t<div class=\"interviste__colsx\">\r\n\t\t<a href=\"\/wp-content\/uploads\/2018\/09\/03-Articolo-AERCO_Pagina_1.jpg\" data-rel=\"lightbox-image-2\" data-rl_title=\"\" data-rl_caption=\"\" title=\"\"><img decoding=\"async\" src=\"\/wp-content\/uploads\/2018\/09\/03-Articolo-AERCO_Pagina_1.jpg\" alt=\"\"><\/a>\r\n\t<\/div>\r\n\t<div class=\"interviste__coldx\">\r\n\t\t<p class=\"interviste--testo justify\">\r\n\t\t\t<b>Il futuro nella coralit\u00e0 <\/b>\r\n\t\t<\/p>\r\n\t\t<p class=\"interviste--testo justify\">\r\n\t\t\tCom&#8217;\u00e8 cambiata la coralit\u00e0 italiana: considerazioni e idee per un far coro pi\u00f9 agile in un articolo per la rivista Far coro dell&#8217;AERCO.\r\n\t\t<\/p>\r\n\t\t<p class=\"interviste--testo justify\">\r\n\t\t\t<a href=\"\/wp-content\/uploads\/2018\/09\/03-Articolo-AERCO.pdf\" target=\"_blank\">Download<\/a>\r\n\t\t<\/p>\r\n\t<\/div>\r\n<\/section>\r\n\r\n\r\n\r\n<hr class=\"wp-block-separator interviste--separatore\"\/>\r\n\r\n\r\n\r\n<section class=\"interviste clearfix\">\r\n\t<div class=\"interviste__colsx\">\r\n\t\t<a href=\"\/wp-content\/uploads\/2018\/09\/macche-caccini_Pagina_1.jpg\" data-rel=\"lightbox-image-3\" data-rl_title=\"\" data-rl_caption=\"\" title=\"\"><img decoding=\"async\" src=\"\/wp-content\/uploads\/2018\/09\/macche-caccini_Pagina_1.jpg\" alt=\"\"><\/a>\r\n\t<\/div>\r\n\t<div class=\"interviste__coldx\">\r\n\t\t<p class=\"interviste--testo justify\">\r\n\t\t\t<b>Macch\u00e9 Caccini &#8230;<\/b>\r\n\t\t<\/p>\r\n\t\t<p class=\"interviste--testo justify\">\r\n\t\t\tIl falso d\u2019autore \u00e8 sempre dietro l&#8217;angolo: e l&#8217;Ave Maria di Caccini non \u00e8 sola\r\n\t\t<\/p>\r\n\t\t<p class=\"interviste--testo justify\">\r\n\t\t\t<a href=\"\/wp-content\/uploads\/2018\/09\/macche-caccini-1.pdf\" target=\"_blank\">Download<\/a>\r\n\t\t<\/p>\r\n\t<\/div>\r\n<\/section>\r\n\r\n\r\n\r\n<hr class=\"wp-block-separator interviste--separatore\"\/>\r\n\r\n\r\n\r\n<section class=\"interviste clearfix\">\r\n\t<div class=\"interviste__colsx\">\r\n\t\t<a href=\"\/wp-content\/uploads\/2018\/09\/04-Metodo.jpg\" data-rel=\"lightbox-image-4\" data-rl_title=\"\" data-rl_caption=\"\" title=\"\"><img decoding=\"async\" src=\"\/wp-content\/uploads\/2018\/09\/04-Metodo.jpg\" alt=\"\"><\/a>\r\n\t<\/div>\r\n\t<div class=\"interviste__coldx\">\r\n\t\t<p class=\"interviste--testo justify\">\r\n\t\t\t<b>Metodo Esperienze Corali, Ed. Carrara<\/b>\r\n\t\t<\/p>\r\n\t\t<p class=\"interviste--testo justify\">\r\n\t\t\t<a href=\"\/wp-content\/uploads\/2018\/09\/metodo-esperienze-corali.pdf\" target=\"_blank\">Download<\/a>\r\n\t\t<\/p>\r\n\t<\/div>\r\n<\/section>\r\n\r\n\r\n\r\n<hr class=\"wp-block-separator interviste--separatore\"\/>\r\n\r\n\r\n\r\n<section class=\"interviste clearfix\">\r\n\t<div class=\"interviste__colsx\">\r\n\t\t<a href=\"\/wp-content\/uploads\/2018\/09\/05-Videolezioni.jpg\" data-rel=\"lightbox-image-5\" data-rl_title=\"\" data-rl_caption=\"\" title=\"\"><img decoding=\"async\" src=\"\/wp-content\/uploads\/2018\/09\/05-Videolezioni.jpg\" alt=\"\"><\/a>\r\n\t<\/div>\r\n\t<div class=\"interviste__coldx\">\r\n\t\t<p class=\"interviste--testo justify\">\r\n\t\t\t<b>Videolezioni Fare un bel coro<\/b><br>\r\n\t\t<\/p>\r\n\t\t<p class=\"interviste--testo justify\">\r\n\t\t\t<a href=\"\/wp-content\/uploads\/2018\/09\/videolezioni-fare-un-bel-coro.pdf\" target=\"_blank\">Download<\/a>\r\n\t\t<\/p>\r\n\t<\/div>\r\n<\/section>\r\n\r\n\r\n\r\n<hr class=\"wp-block-separator interviste--separatore\"\/>\r\n\r\n\r\n\r\n<section class=\"interviste clearfix\">\r\n\t<div class=\"interviste__colsx\">\r\n\t\t<a href=\"\/wp-content\/uploads\/2018\/09\/06-Castello-d-oro.jpg\" data-rel=\"lightbox-image-6\" data-rl_title=\"\" data-rl_caption=\"\" title=\"\"><img decoding=\"async\" src=\"\/wp-content\/uploads\/2018\/09\/06-Castello-d-oro.jpg\" alt=\"\"><\/a>\r\n\t<\/div>\r\n\t<div class=\"interviste__coldx\">\r\n\t\t<p class=\"interviste--testo justify\">\r\n\t\t\t<b>Castello d\u2019oro<\/b><br>\r\n\t\t<\/p>\r\n\t\t<p class=\"interviste--testo justify\">\r\n\t\t\t<a href=\"\/wp-content\/uploads\/2018\/09\/06-Castello-doro.pdf\" target=\"_blank\">Download<\/a>\r\n\t\t<\/p>\r\n\t<\/div>\r\n<\/section>\r\n\r\n\r\n\r\n<hr class=\"wp-block-separator interviste--separatore\"\/>\r\n\r\n\r\n\r\n<section class=\"interviste clearfix\">\r\n\t<div class=\"interviste__colsx\">\r\n\t\t<a href=\"\/wp-content\/uploads\/2018\/09\/caro-coro.jpg\" data-rel=\"lightbox-image-7\" data-rl_title=\"\" data-rl_caption=\"\" title=\"\"><img decoding=\"async\" src=\"\/wp-content\/uploads\/2018\/09\/caro-coro.jpg\" alt=\"\"><\/a>\r\n\t<\/div>\r\n\t<div class=\"interviste__coldx\">\r\n\t\t<p class=\"interviste--testo justify\">\r\n\t\t\t<b>Caro coro\u2026 scritti seri e un po\u2019 meno sulla coralit\u00e0 e non solo<\/b>\r\n\t\t<\/p>\r\n\t\t<p class=\"interviste__carocoro--testo justify\">\r\n\t\t\t<a href=\"\/wp-content\/uploads\/2018\/09\/00-Cop-Prem-Indice.pdf\" target=\"_blank\">Download Caro Coro Indice<\/a>\r\n\t\t<\/p>\r\n\t\t<p class=\"interviste__carocoro--testo justify\">\r\n\t\t\t<a href=\"\/wp-content\/uploads\/2018\/09\/01-Tema-Var-1.pdf\" target=\"_blank\">Download Caro Coro Tema 1 Var 1<\/a>\r\n\t\t<\/p>\r\n\t\t<p class=\"interviste__carocoro--testo justify\">\r\n\t\t\t<a href=\"\/wp-content\/uploads\/2018\/09\/02-Tema-Var-2.pdf\" target=\"_blank\">Download Caro Coro Tema 2 Var 2<\/a>\r\n\t\t<\/p>\r\n\t\t<p class=\"interviste__carocoro--testo justify\">\r\n\t\t\t<a href=\"\/wp-content\/uploads\/2018\/09\/03-Tema-Var-3.pdf\" target=\"_blank\">Download Caro Coro Tema 3 Var 3<\/a>\r\n\t\t<\/p>\r\n\t\t<p class=\"interviste__carocoro--testo justify\">\r\n\t\t\t<a href=\"\/wp-content\/uploads\/2018\/09\/04-Tema-Var-4.pdf\" target=\"_blank\">Download Caro Coro Tema 4 Var 4<\/a>\r\n\t\t<\/p>\r\n\t\t<p class=\"interviste__carocoro--testo justify\">\r\n\t\t\t<a href=\"\/wp-content\/uploads\/2018\/09\/05-Tema-Var-5.pdf\" target=\"_blank\">Download Caro Coro Tema 5 Var 5<\/a>\r\n\t\t<\/p>\r\n\t\t<p class=\"interviste__carocoro--testo justify\">\r\n\t\t\t<a href=\"\/wp-content\/uploads\/2018\/09\/06-Pens1.pdf\" target=\"_blank\">Download Caro Coro Pensieri sparsi 1<\/a>\r\n\t\t<\/p>\r\n\t\t<p class=\"interviste__carocoro--testo justify\">\r\n\t\t\t<a href=\"\/wp-content\/uploads\/2018\/09\/07-Pens2.pdf\" target=\"_blank\">Download Caro Coro Pensieri sparsi 2<\/a>\r\n\t\t<\/p>\r\n\t\t<p class=\"interviste__carocoro--testo justify\">\r\n\t\t\t<a href=\"\/wp-content\/uploads\/2018\/09\/08-Appendice.pdf\" target=\"_blank\">Download Caro Coro Pensieri Appendice<\/a>\r\n\t\t<\/p>\r\n\t<\/div>\r\n<\/section>\r\n\r\n","protected":false},"excerpt":{"rendered":"<p>Video Chichester Psalms, I mov. Leonard Bernstein Cantoria Sine Nomine e Insieme Vocale &#8220;Umberto Zeni&#8221; Organista: Stefano Rattini &#8211; Direttore: Mario Lanaro (live 2003) L\u2019Annunciazione Cantata su poesia di Pier Paolo Pasolini Solo del flauto: Fabio Pupillo &#8211; I Polifonici Vicentini ed Ensemble Musagete Direttore: Pierluigi Comparin &#8211; Fasi di registrazione (2017) Invento e canto [&hellip;]<\/p>\n","protected":false},"author":5,"featured_media":0,"parent":0,"menu_order":0,"comment_status":"closed","ping_status":"closed","template":"","meta":{"inline_featured_image":false,"_genesis_hide_title":false,"_genesis_hide_breadcrumbs":false,"_genesis_hide_singular_image":false,"_genesis_hide_footer_widgets":false,"_genesis_custom_body_class":"","_genesis_custom_post_class":"","_genesis_layout":"","footnotes":""},"_links":{"self":[{"href":"https:\/\/mariolanaro.it\/en\/wp-json\/wp\/v2\/pages\/1603"}],"collection":[{"href":"https:\/\/mariolanaro.it\/en\/wp-json\/wp\/v2\/pages"}],"about":[{"href":"https:\/\/mariolanaro.it\/en\/wp-json\/wp\/v2\/types\/page"}],"author":[{"embeddable":true,"href":"https:\/\/mariolanaro.it\/en\/wp-json\/wp\/v2\/users\/5"}],"replies":[{"embeddable":true,"href":"https:\/\/mariolanaro.it\/en\/wp-json\/wp\/v2\/comments?post=1603"}],"version-history":[{"count":29,"href":"https:\/\/mariolanaro.it\/en\/wp-json\/wp\/v2\/pages\/1603\/revisions"}],"predecessor-version":[{"id":1974,"href":"https:\/\/mariolanaro.it\/en\/wp-json\/wp\/v2\/pages\/1603\/revisions\/1974"}],"wp:attachment":[{"href":"https:\/\/mariolanaro.it\/en\/wp-json\/wp\/v2\/media?parent=1603"}],"curies":[{"name":"wp","href":"https:\/\/api.w.org\/{rel}","templated":true}]}}